{"id":9,"date":"2024-05-16T09:54:27","date_gmt":"2024-05-16T09:54:27","guid":{"rendered":"https:\/\/lesvinestivales.fr\/sit\/?page_id=9"},"modified":"2025-10-20T19:16:16","modified_gmt":"2025-10-20T19:16:16","slug":"accueil","status":"publish","type":"page","link":"https:\/\/lesvinestivales.fr\/sit\/","title":{"rendered":"Accueil"},"content":{"rendered":"\n<h2>\n\t\t<a href=\"https:\/\/lesvinestivales.fr\/sit\/\" title=\"LES VINESTIVALES\" target=\"_self\" rel=\"noopener\">\n\t\t\tLES VINESTIVALES\t\t<\/a>\n\t<\/h2>\n<h1>\n\t\t\tLES VINESTIVALES\t<\/h1>\n<h4>\n\t\t\tEn live depuis 2010 !\t<\/h4>\n\t<iframe loading=\"lazy\" title=\"Teaser des Vinestivales 2023\" width=\"100%\" height=\"100%\" src=\"https:\/\/sdmtube.fr\/videos\/embed\/078bd9e5-c120-4bda-9003-bde2ea95e56b?autoplay=1&amp;title=0&amp;warningTitle=0&amp;peertubeLink=0&amp;p2p=0\" frameborder=\"0\" allowfullscreen=\"\" sandbox=\"allow-same-origin allow-scripts allow-popups\"><\/iframe>\n\t<p><strong>Prochaine \u00e9dition<\/strong><\/p>\n<h1><strong>26 et 27 juin 2026\u00a0<\/strong><\/h1>\n<p><strong>L&rsquo;\u00e9dition 2025 a \u00e9t\u00e9 une belle r\u00e9ussite avec pr\u00e8s de 4000 festivaliers !\u00a0<\/strong><\/p>\n<p>&nbsp;<\/p>\n<p><strong>Les candidatures pour l&rsquo;ann\u00e9e 2026 sont ouverte. <a href=\"https:\/\/lesvinestivales.fr\/sit\/contact\/\">Rendez-vous ici pour postuler !\u00a0<\/a><\/strong><\/p>\n<p>Cl\u00f4ture des candidatures le 31 d\u00e9cembre 2025<\/p>\n<p>&nbsp;<\/p>\n<p>Les Vinestivales c&rsquo;est :\u00a0<\/p>\n<p>2 sc\u00e8nes<\/p>\n<p>12 groupes<\/p>\n<p>2 soirs de live<\/p>\n<p>&nbsp;<\/p>\n<p>Restauration sur place<\/p>\n<p>Entr\u00e9e gratuite <\/p>\n<p>&nbsp;<\/p>\n<p>&nbsp;<\/p>\n\t<p>Suivez-nous !<\/p>\n\n","protected":false},"excerpt":{"rendered":"<p>LES VINESTIVALES LES VINESTIVALES En live depuis 2010 ! Prochaine \u00e9dition 26 et 27 juin 2026\u00a0 L&rsquo;\u00e9dition 2025 a \u00e9t\u00e9 une belle r\u00e9ussite avec pr\u00e8s de 4000 festivaliers !\u00a0 &nbsp; Les candidatures pour l&rsquo;ann\u00e9e 2026 sont ouverte. Rendez-vous ici pour postuler !\u00a0 Cl\u00f4ture des candidatures le 31 d\u00e9cembre 2025 &nbsp; Les Vinestivales c&rsquo;est :\u00a0 2&hellip;<\/p>\n","protected":false},"author":2,"featured_media":0,"parent":0,"menu_order":0,"comment_status":"closed","ping_status":"closed","template":"","meta":{"footnotes":""},"class_list":["post-9","page","type-page","status-publish","hentry"],"_links":{"self":[{"href":"https:\/\/lesvinestivales.fr\/sit\/wp-json\/wp\/v2\/pages\/9"}],"collection":[{"href":"https:\/\/lesvinestivales.fr\/sit\/wp-json\/wp\/v2\/pages"}],"about":[{"href":"https:\/\/lesvinestivales.fr\/sit\/wp-json\/wp\/v2\/types\/page"}],"author":[{"embeddable":true,"href":"https:\/\/lesvinestivales.fr\/sit\/wp-json\/wp\/v2\/users\/2"}],"replies":[{"embeddable":true,"href":"https:\/\/lesvinestivales.fr\/sit\/wp-json\/wp\/v2\/comments?post=9"}],"version-history":[{"count":19,"href":"https:\/\/lesvinestivales.fr\/sit\/wp-json\/wp\/v2\/pages\/9\/revisions"}],"predecessor-version":[{"id":2288,"href":"https:\/\/lesvinestivales.fr\/sit\/wp-json\/wp\/v2\/pages\/9\/revisions\/2288"}],"wp:attachment":[{"href":"https:\/\/lesvinestivales.fr\/sit\/wp-json\/wp\/v2\/media?parent=9"}],"curies":[{"name":"wp","href":"https:\/\/api.w.org\/{rel}","templated":true}]}}