{"id":88,"date":"2024-05-16T15:36:58","date_gmt":"2024-05-16T15:36:58","guid":{"rendered":"https:\/\/lesvinestivales.fr\/sit\/?page_id=88"},"modified":"2025-02-04T10:48:24","modified_gmt":"2025-02-04T10:48:24","slug":"les-editions-precedentes","status":"publish","type":"page","link":"https:\/\/lesvinestivales.fr\/sit\/les-editions-precedentes\/","title":{"rendered":"Les \u00e9ditions pr\u00e9c\u00e9dentes"},"content":{"rendered":"\n<h2>\n\t\t<a href=\"https:\/\/lesvinestivales.fr\/sit\/\" title=\"LES VINESTIVALES\" target=\"_self\" rel=\"noopener\">\n\t\tLES VINESTIVALES\n\t\t<\/a>\n\t<\/h2>\n<h1>\n\t\t\u00c9ditions pr\u00e9c\u00e9dentes<br \/>\n\t<\/h1>\n\t<h3><strong>Revivez en images toutes les \u00e9ditions des Vinestivales depuis le d\u00e9but !<\/strong><\/h3>\n\n\t<p>Suivez-nous !<\/p>\n\n","protected":false},"excerpt":{"rendered":"<p>LES VINESTIVALES \u00c9ditions pr\u00e9c\u00e9dentes Revivez en images toutes les \u00e9ditions des Vinestivales depuis le d\u00e9but ! Suivez-nous !<\/p>\n","protected":false},"author":2,"featured_media":0,"parent":0,"menu_order":0,"comment_status":"closed","ping_status":"closed","template":"","meta":{"footnotes":""},"class_list":["post-88","page","type-page","status-publish","hentry"],"_links":{"self":[{"href":"https:\/\/lesvinestivales.fr\/sit\/wp-json\/wp\/v2\/pages\/88"}],"collection":[{"href":"https:\/\/lesvinestivales.fr\/sit\/wp-json\/wp\/v2\/pages"}],"about":[{"href":"https:\/\/lesvinestivales.fr\/sit\/wp-json\/wp\/v2\/types\/page"}],"author":[{"embeddable":true,"href":"https:\/\/lesvinestivales.fr\/sit\/wp-json\/wp\/v2\/users\/2"}],"replies":[{"embeddable":true,"href":"https:\/\/lesvinestivales.fr\/sit\/wp-json\/wp\/v2\/comments?post=88"}],"version-history":[{"count":6,"href":"https:\/\/lesvinestivales.fr\/sit\/wp-json\/wp\/v2\/pages\/88\/revisions"}],"predecessor-version":[{"id":1440,"href":"https:\/\/lesvinestivales.fr\/sit\/wp-json\/wp\/v2\/pages\/88\/revisions\/1440"}],"wp:attachment":[{"href":"https:\/\/lesvinestivales.fr\/sit\/wp-json\/wp\/v2\/media?parent=88"}],"curies":[{"name":"wp","href":"https:\/\/api.w.org\/{rel}","templated":true}]}}