{"id":58,"date":"2024-05-16T11:43:08","date_gmt":"2024-05-16T11:43:08","guid":{"rendered":"https:\/\/lesvinestivales.fr\/sit\/?page_id=58"},"modified":"2026-01-19T16:00:11","modified_gmt":"2026-01-19T16:00:11","slug":"contact","status":"publish","type":"page","link":"https:\/\/lesvinestivales.fr\/sit\/contact\/","title":{"rendered":"Contact"},"content":{"rendered":"\n<h2>\n\t\t<a href=\"https:\/\/lesvinestivales.fr\/sit\/\" title=\"LES VINESTIVALES\" target=\"_self\" rel=\"noopener\">\n\t\t\tLES VINESTIVALES\t\t<\/a>\n\t<\/h2>\n<h1>\n\t\t\tContactez-nous !\t<\/h1>\n<h4>\n\t\t\tVous \u00eates un groupe de musique ? Un.e artisan ? Un.e futur.e b\u00e9n\u00e9vole ? Vous souhaitez participer aux Vinestivales ?\t<\/h4>\n<h3>\n\t\t\tLaissez-nous un message ! \t<\/h3>\n\t<p><a href=\"https:\/\/lesvinestivales.fr\/sit\/wp-content\/uploads\/2026\/01\/Conditions-inscription-groupes-2026.pdf\" target=\"_blank\" rel=\"noopener\">Conditions d&rsquo;inscription pour les groupes \u00e0 t\u00e9l\u00e9charger et lire ici !<\/a><\/p>\n\t<p>Suivez-nous !<\/p>\n\n","protected":false},"excerpt":{"rendered":"<p>LES VINESTIVALES Contactez-nous ! Vous \u00eates un groupe de musique ? Un.e artisan ? Un.e futur.e b\u00e9n\u00e9vole ? Vous souhaitez participer aux Vinestivales ? Laissez-nous un message ! Conditions d&rsquo;inscription pour les groupes \u00e0 t\u00e9l\u00e9charger et lire ici ! Suivez-nous !<\/p>\n","protected":false},"author":2,"featured_media":0,"parent":0,"menu_order":0,"comment_status":"closed","ping_status":"closed","template":"","meta":{"footnotes":""},"class_list":["post-58","page","type-page","status-publish","hentry"],"_links":{"self":[{"href":"https:\/\/lesvinestivales.fr\/sit\/wp-json\/wp\/v2\/pages\/58"}],"collection":[{"href":"https:\/\/lesvinestivales.fr\/sit\/wp-json\/wp\/v2\/pages"}],"about":[{"href":"https:\/\/lesvinestivales.fr\/sit\/wp-json\/wp\/v2\/types\/page"}],"author":[{"embeddable":true,"href":"https:\/\/lesvinestivales.fr\/sit\/wp-json\/wp\/v2\/users\/2"}],"replies":[{"embeddable":true,"href":"https:\/\/lesvinestivales.fr\/sit\/wp-json\/wp\/v2\/comments?post=58"}],"version-history":[{"count":11,"href":"https:\/\/lesvinestivales.fr\/sit\/wp-json\/wp\/v2\/pages\/58\/revisions"}],"predecessor-version":[{"id":2294,"href":"https:\/\/lesvinestivales.fr\/sit\/wp-json\/wp\/v2\/pages\/58\/revisions\/2294"}],"wp:attachment":[{"href":"https:\/\/lesvinestivales.fr\/sit\/wp-json\/wp\/v2\/media?parent=58"}],"curies":[{"name":"wp","href":"https:\/\/api.w.org\/{rel}","templated":true}]}}