{"id":21,"date":"2024-05-16T11:17:52","date_gmt":"2024-05-16T11:17:52","guid":{"rendered":"https:\/\/lesvinestivales.fr\/sit\/?page_id=21"},"modified":"2024-06-11T14:24:21","modified_gmt":"2024-06-11T14:24:21","slug":"qui-sommes-nous","status":"publish","type":"page","link":"https:\/\/lesvinestivales.fr\/sit\/qui-sommes-nous\/","title":{"rendered":"Qui sommes nous ?"},"content":{"rendered":"\n<h2>\n\t\t<a href=\"https:\/\/lesvinestivales.fr\/sit\/\" title=\"LES VINESTIVALES\" target=\"_self\" rel=\"noopener\">\n\t\tLES VINESTIVALES\n\t\t<\/a>\n\t<\/h2>\n<h1>\n\t\tQui sommes-nous ?\n\t<\/h1>\n<h2>\n\t\tLes Vinestivales c&rsquo;est :\n\t<\/h2>\n\t<h4><strong>Une programmation vari\u00e9e<\/strong><\/h4>\n\t<p>Avec des groupes amateurs venus de tous horizons (blues, pop, electro, rock, hard-rock, m\u00e9tal, punk, acoustic, hip-hop, rap, reggae, latine, etc&#8230;)<\/p>\n\t<h4><strong>Des b\u00e9n\u00e9voles engag\u00e9.es<\/strong><\/h4>\n\t<p>Les Vinestivales ne sont possible que gr\u00e2ce \u00e0 la pr\u00e9sence active et passionn\u00e9e de nombreux et nombreuses b\u00e9n\u00e9voles de Vinon-sur-Verdon et des communes avoisinantes. Ils sont pr\u00e9sents et se relaient pour le montage des sc\u00e8nes (son et lumi\u00e8res), la partie restauration (table, chaises, disposition des forains et producteurs locaux), l&rsquo;accueil, la gestion des artistes, la propret\u00e9 du site&#8230;<\/p>\n\t<h4><strong>Un encadrement professionnel<\/strong><\/h4>\n\t<p>La partie technique du festival est r\u00e9alis\u00e9e par des professionnels du son et des lumi\u00e8res.<\/p>\n<p>Tout est mis en \u0153uvre pour que les groupes de musique prennent du plaisir \u00e0 jouer sur sc\u00e8ne et le public pleins les yeux et les oreilles !<\/p>\n\t<p>Suivez-nous !<\/p>\n\n","protected":false},"excerpt":{"rendered":"<p>LES VINESTIVALES Qui sommes-nous ? Les Vinestivales c&rsquo;est : Une programmation vari\u00e9e Avec des groupes amateurs venus de tous horizons (blues, pop, electro, rock, hard-rock, m\u00e9tal, punk, acoustic, hip-hop, rap, reggae, latine, etc&#8230;) Des b\u00e9n\u00e9voles engag\u00e9.es Les Vinestivales ne sont possible que gr\u00e2ce \u00e0 la pr\u00e9sence active et passionn\u00e9e de nombreux et nombreuses b\u00e9n\u00e9voles de&hellip;<\/p>\n","protected":false},"author":2,"featured_media":0,"parent":0,"menu_order":0,"comment_status":"closed","ping_status":"closed","template":"","meta":{"footnotes":""},"class_list":["post-21","page","type-page","status-publish","hentry"],"_links":{"self":[{"href":"https:\/\/lesvinestivales.fr\/sit\/wp-json\/wp\/v2\/pages\/21"}],"collection":[{"href":"https:\/\/lesvinestivales.fr\/sit\/wp-json\/wp\/v2\/pages"}],"about":[{"href":"https:\/\/lesvinestivales.fr\/sit\/wp-json\/wp\/v2\/types\/page"}],"author":[{"embeddable":true,"href":"https:\/\/lesvinestivales.fr\/sit\/wp-json\/wp\/v2\/users\/2"}],"replies":[{"embeddable":true,"href":"https:\/\/lesvinestivales.fr\/sit\/wp-json\/wp\/v2\/comments?post=21"}],"version-history":[{"count":9,"href":"https:\/\/lesvinestivales.fr\/sit\/wp-json\/wp\/v2\/pages\/21\/revisions"}],"predecessor-version":[{"id":213,"href":"https:\/\/lesvinestivales.fr\/sit\/wp-json\/wp\/v2\/pages\/21\/revisions\/213"}],"wp:attachment":[{"href":"https:\/\/lesvinestivales.fr\/sit\/wp-json\/wp\/v2\/media?parent=21"}],"curies":[{"name":"wp","href":"https:\/\/api.w.org\/{rel}","templated":true}]}}