{"id":145,"date":"2024-06-03T14:34:52","date_gmt":"2024-06-03T14:34:52","guid":{"rendered":"https:\/\/lesvinestivales.fr\/sit\/?page_id=145"},"modified":"2024-06-11T14:26:03","modified_gmt":"2024-06-11T14:26:03","slug":"pas-de-titre","status":"publish","type":"page","link":"https:\/\/lesvinestivales.fr\/sit\/pas-de-titre\/","title":{"rendered":"Comment venir ?"},"content":{"rendered":"\n<h2>\n\t\t<a href=\"https:\/\/lesvinestivales.fr\/sit\/\" title=\"LES VINESTIVALES\" target=\"_self\" rel=\"noopener\">\n\t\tLES VINESTIVALES\n\t\t<\/a>\n\t<\/h2>\n<h1>\n\t\tComment venir ?\n\t<\/h1>\n<h2>\n\t\tLieu des Vinestivales\n\t<\/h2>\n\t<iframe src=\"https:\/\/www.google.com\/maps\/embed\/v1\/place?q=Esplanade+le+Cours%0A83560+Vinon-sur-Verdon&#038;key=AIzaSyD09zQ9PNDNNy9TadMuzRV_UsPUoWKntt8\" aria-hidden=\"true\"><\/iframe>\n\t<h3>O\u00f9 dormir ?<\/h3>\n<p>Cette ann\u00e9e,<strong> deux nouveaux partenaires<\/strong> partagent avec nous l&rsquo;\u00e9v\u00e8nement et vous accueillent pour votre week-end.<\/p>\n\t\t\t\t<img loading=\"lazy\" decoding=\"async\" src=\"https:\/\/lesvinestivales.fr\/sit\/wp-content\/uploads\/2024\/06\/la-clape.jpg\" alt=\"la clape\" itemprop=\"image\" height=\"248\" width=\"406\" title=\"la clape\" onerror=\"this.style.display='none'\"  \/>\n\t<h3><strong>Le Gite de la Clape \u00a0 \u00a0<\/strong><\/h3>\n<p>735 Chemin de la Clape<\/p>\n<p>83560 Vinon-sur-Verdon<\/p>\n<p>04 92 78 86 78 \/ 06 65 16 18 34<\/p>\n<p><a href=\"https:\/\/laclapevinonsurverdon.fr\/\">https:\/\/laclapevinonsurverdon.fr\/<\/a><\/p>\n<p>&nbsp;<\/p>\n\t<iframe src=\"https:\/\/www.google.com\/maps\/embed\/v1\/place?q=735+Chem.+de+la+Clape%2C+83560+Vinon-sur-Verdon&#038;key=AIzaSyD09zQ9PNDNNy9TadMuzRV_UsPUoWKntt8\" aria-hidden=\"true\"><\/iframe>\n\t\t\t\t<img loading=\"lazy\" decoding=\"async\" src=\"https:\/\/lesvinestivales.fr\/sit\/wp-content\/uploads\/2024\/06\/Lauberge.jpeg\" alt=\"L&#039;auberge\" itemprop=\"image\" height=\"265\" width=\"640\" title=\"L&#039;auberge\" onerror=\"this.style.display='none'\"  \/>\n\t<h3><strong>L&rsquo;auberge de la Table Ronde<\/strong><\/h3>\n<p>877 Avenue de la R\u00e9publique<\/p>\n<p>83560 VINON sur VERDON<\/p>\n<p>04 92 78 82 23<\/p>\n<p><u><a href=\"https:\/\/www.latableronde-83.fr\/\">https:\/\/www.latableronde-83.fr\/<\/a><\/u><\/p>\n\t<iframe src=\"https:\/\/www.google.com\/maps\/embed\/v1\/place?q=877+Av.+de+la+R%C3%A9publique%2C+83560+Vinon-sur-Verdon&#038;key=AIzaSyD09zQ9PNDNNy9TadMuzRV_UsPUoWKntt8\" aria-hidden=\"true\"><\/iframe>\n\t<p>Suivez-nous !<\/p>\n\n","protected":false},"excerpt":{"rendered":"<p>LES VINESTIVALES Comment venir ? Lieu des Vinestivales O\u00f9 dormir ? Cette ann\u00e9e, deux nouveaux partenaires partagent avec nous l&rsquo;\u00e9v\u00e8nement et vous accueillent pour votre week-end. Le Gite de la Clape \u00a0 \u00a0 735 Chemin de la Clape 83560 Vinon-sur-Verdon 04 92 78 86 78 \/ 06 65 16 18 34 https:\/\/laclapevinonsurverdon.fr\/ &nbsp; L&rsquo;auberge de&hellip;<\/p>\n","protected":false},"author":2,"featured_media":0,"parent":0,"menu_order":0,"comment_status":"closed","ping_status":"closed","template":"","meta":{"footnotes":""},"class_list":["post-145","page","type-page","status-publish","hentry"],"_links":{"self":[{"href":"https:\/\/lesvinestivales.fr\/sit\/wp-json\/wp\/v2\/pages\/145"}],"collection":[{"href":"https:\/\/lesvinestivales.fr\/sit\/wp-json\/wp\/v2\/pages"}],"about":[{"href":"https:\/\/lesvinestivales.fr\/sit\/wp-json\/wp\/v2\/types\/page"}],"author":[{"embeddable":true,"href":"https:\/\/lesvinestivales.fr\/sit\/wp-json\/wp\/v2\/users\/2"}],"replies":[{"embeddable":true,"href":"https:\/\/lesvinestivales.fr\/sit\/wp-json\/wp\/v2\/comments?post=145"}],"version-history":[{"count":9,"href":"https:\/\/lesvinestivales.fr\/sit\/wp-json\/wp\/v2\/pages\/145\/revisions"}],"predecessor-version":[{"id":215,"href":"https:\/\/lesvinestivales.fr\/sit\/wp-json\/wp\/v2\/pages\/145\/revisions\/215"}],"wp:attachment":[{"href":"https:\/\/lesvinestivales.fr\/sit\/wp-json\/wp\/v2\/media?parent=145"}],"curies":[{"name":"wp","href":"https:\/\/api.w.org\/{rel}","templated":true}]}}